{"id":2,"date":"2017-01-09T15:20:14","date_gmt":"2017-01-09T15:20:14","guid":{"rendered":"http:\/\/fice.hr\/?page_id=2"},"modified":"2021-01-16T15:50:57","modified_gmt":"2021-01-16T15:50:57","slug":"sample-page","status":"publish","type":"page","link":"https:\/\/fice.hr\/?page_id=2","title":{"rendered":"O nama"},"content":{"rendered":"<p><strong>Fice Hrvatska<\/strong>\u00a0slu\u017ebeno je registrirana 2.12.2016. pri Ministarstvu financija RH, a 28.3.2017. je jednoglasno je prihva\u0107ena u pridru\u017eeno \u010dlanstvo me\u0111unarodne mre\u017ee organizacija\u00a0<strong><a href=\"http:\/\/ficeinter.net\/\">FICE International<\/a>.<\/strong><\/p>\n<p>25.05.2017. FICE Hrvatska slu\u017ebeno je postala \u010dlan i <a href=\"https:\/\/www.fice-europe.eu\/\">FICE Europe<\/a> mre\u017ee.<\/p>\n<p><strong>FICE International<\/strong>\u00a0osnovana je 1948. u \u0160vicarskoj pod patronatom <strong>UNESCO-a, <\/strong>a<strong>\u00a0<\/strong>okuplja \u010dlanice iz vi\u0161e od 35 zemlja svijeta.<\/p>\n<h3><span style=\"color: #800080;\"><a style=\"color: #800080;\" href=\"http:\/\/fice.hr\/?page_id=8\">Vizija, misija, svrha<\/a><\/span><\/h3>\n<h3><span style=\"color: #800080;\"><a style=\"color: #800080;\" href=\"http:\/\/fice.hr\/?page_id=10\">Statut<\/a><\/span><\/h3>\n<h3><span style=\"color: #800080;\"><a style=\"color: #800080;\" href=\"http:\/\/fice.hr\/?page_id=156\">Tijela upravljanja<\/a><\/span><\/h3>\n<h3><span style=\"color: #800080;\"><a style=\"color: #800080;\" href=\"http:\/\/fice.hr\/?page_id=12\">\u010clanstvo<\/a><\/span><\/h3>\n<h3><strong><a href=\"http:\/\/fice.hr\/?page_id=292\">Godi\u0161nja izvje\u0161\u0107a o radu<\/a><\/strong><\/h3>\n<h3><a href=\"http:\/\/fice.hr\/?page_id=525\">Na\u0161 tim<\/a><\/h3>\n","protected":false},"excerpt":{"rendered":"<p>Fice Hrvatska\u00a0slu\u017ebeno je registrirana 2.12.2016. pri Ministarstvu financija RH, a 28.3.2017. je jednoglasno je prihva\u0107ena u pridru\u017eeno \u010dlanstvo me\u0111unarodne mre\u017ee organizacija\u00a0FICE International. 25.05.2017. FICE Hrvatska slu\u017ebeno je postala \u010dlan i FICE Europe mre\u017ee. FICE International\u00a0osnovana je 1948. u \u0160vicarskoj pod patronatom UNESCO-a, a\u00a0okuplja \u010dlanice iz vi\u0161e od 35 zemlja svijeta. Vizija, misija, svrha Statut Tijela &hellip; <a href=\"https:\/\/fice.hr\/?page_id=2\" class=\"more-link\">Continue reading <span class=\"screen-reader-text\">O nama<\/span><\/a><\/p>\n","protected":false},"author":1,"featured_media":0,"parent":0,"menu_order":0,"comment_status":"closed","ping_status":"open","template":"","meta":[],"_links":{"self":[{"href":"https:\/\/fice.hr\/index.php?rest_route=\/wp\/v2\/pages\/2"}],"collection":[{"href":"https:\/\/fice.hr\/index.php?rest_route=\/wp\/v2\/pages"}],"about":[{"href":"https:\/\/fice.hr\/index.php?rest_route=\/wp\/v2\/types\/page"}],"author":[{"embeddable":true,"href":"https:\/\/fice.hr\/index.php?rest_route=\/wp\/v2\/users\/1"}],"replies":[{"embeddable":true,"href":"https:\/\/fice.hr\/index.php?rest_route=%2Fwp%2Fv2%2Fcomments&post=2"}],"version-history":[{"count":18,"href":"https:\/\/fice.hr\/index.php?rest_route=\/wp\/v2\/pages\/2\/revisions"}],"predecessor-version":[{"id":528,"href":"https:\/\/fice.hr\/index.php?rest_route=\/wp\/v2\/pages\/2\/revisions\/528"}],"wp:attachment":[{"href":"https:\/\/fice.hr\/index.php?rest_route=%2Fwp%2Fv2%2Fmedia&parent=2"}],"curies":[{"name":"wp","href":"https:\/\/api.w.org\/{rel}","templated":true}]}}