{"id":507,"date":"2021-01-16T13:41:18","date_gmt":"2021-01-16T13:41:18","guid":{"rendered":"http:\/\/fice.hr\/?page_id=507"},"modified":"2022-01-25T15:00:57","modified_gmt":"2022-01-25T15:00:57","slug":"edukacije-strucnjaka","status":"publish","type":"page","link":"https:\/\/fice.hr\/?page_id=507","title":{"rendered":"Edukacije stru\u010dnjaka"},"content":{"rendered":"<header class=\"entry-header\">\n<header class=\"entry-header\">\n<h1 class=\"entry-title\">Odr\u017ean webinar \u201cVa\u017enost mentalnog zdravlja u radu s mladima\u201d<\/h1>\n<\/header>\n<div class=\"entry-content\">\n<div class=\"kvgmc6g5 cxmmr5t8 oygrvhab hcukyx3x c1et5uql ii04i59q\">\n<div dir=\"auto\">FICE Hrvatska je 29.11.2021. odr\u017eala u suradnji s organizacijom\u00a0<a class=\"oajrlxb2 g5ia77u1 qu0x051f esr5mh6w e9989ue4 r7d6kgcz rq0escxv nhd2j8a9 nc684nl6 p7hjln8o kvgmc6g5 cxmmr5t8 oygrvhab hcukyx3x jb3vyjys rz4wbd8a qt6c0cv9 a8nywdso i1ao9s8h esuyzwwr f1sip0of lzcic4wl q66pz984 gpro0wi8 b1v8xokw\" tabindex=\"0\" role=\"link\" href=\"https:\/\/www.facebook.com\/AikiEnDojo\/?__cft__[0]=AZUeydqAS7vz14pfyhvlqXBQReGtOrXXTUEoj_xRyfBnn1YwfMaUecJsxH-AUGhTwW9f5As8gXpS2jpnjgIGecR-ebwBIFI4S1g5HK_FFGQxM-D7Y7ZZph0bn62CCN6DER-5GZF8aaeuSrQe1-pQh3yLFZu9eS0uxJYHwaaGqX_AMQ&amp;__tn__=kK-R\"><span class=\"nc684nl6\">Aiki En<\/span><\/a>, webinar pod nazivom \u201cVa\u017enost mentalnog zdravlja u radu s mladima\u201d koji se odr\u017eavao u 16:00 h putem platforme Zoom.<\/div>\n<div dir=\"auto\"><\/div>\n<\/div>\n<div class=\"o9v6fnle cxmmr5t8 oygrvhab hcukyx3x c1et5uql ii04i59q\">\n<div dir=\"auto\">Webinar se provodio u sklopu diseminacije Erasmus+ projekta \u201cCaring as Second Nature\u201d, organizacije nositelja Radi Vidi Pats koji je financiran iz Erasmus+ fonda i u Latviji je pod nadle\u017enosti Agencije za me\u0111unarodne projekte za mlade.<\/div>\n<div dir=\"auto\"><\/div>\n<\/div>\n<div class=\"o9v6fnle cxmmr5t8 oygrvhab hcukyx3x c1et5uql ii04i59q\">\n<div dir=\"auto\">Na webinaru smo zajedno s kolegama iz\u00a0<a class=\"oajrlxb2 g5ia77u1 qu0x051f esr5mh6w e9989ue4 r7d6kgcz rq0escxv nhd2j8a9 nc684nl6 p7hjln8o kvgmc6g5 cxmmr5t8 oygrvhab hcukyx3x jb3vyjys rz4wbd8a qt6c0cv9 a8nywdso i1ao9s8h esuyzwwr f1sip0of lzcic4wl q66pz984 gpro0wi8 b1v8xokw\" tabindex=\"0\" role=\"link\" href=\"https:\/\/www.facebook.com\/AikiEnDojo\/?__cft__[0]=AZUeydqAS7vz14pfyhvlqXBQReGtOrXXTUEoj_xRyfBnn1YwfMaUecJsxH-AUGhTwW9f5As8gXpS2jpnjgIGecR-ebwBIFI4S1g5HK_FFGQxM-D7Y7ZZph0bn62CCN6DER-5GZF8aaeuSrQe1-pQh3yLFZu9eS0uxJYHwaaGqX_AMQ&amp;__tn__=kK-R\"><span class=\"nc684nl6\">Aiki En<\/span><\/a>\u00a0sudionicima prenijeli ste\u010deno znanje s navedenog projekta, te ukratko prikazali metode i tehnike u radu s mladima koje smo i mi sami preuzeli u svakodnevnom radu.<\/div>\n<div dir=\"auto\">Tako\u0111er, osim \u0161to smo raspravljali o va\u017enosti mentalnog zdravlja mladih, istaknuli smo va\u017enost mentalnog zdravlja i nas koji radimo s mladima te o opasnostima burnout-a i va\u017enosti selfcare-a za sve nas.<\/div>\n<div dir=\"auto\"><\/div>\n<\/div>\n<div class=\"o9v6fnle cxmmr5t8 oygrvhab hcukyx3x c1et5uql ii04i59q\">\n<div dir=\"auto\">Hvala svim sudionicima na aktivnom sudjelovanju te hvala\u00a0<a class=\"oajrlxb2 g5ia77u1 qu0x051f esr5mh6w e9989ue4 r7d6kgcz rq0escxv nhd2j8a9 nc684nl6 p7hjln8o kvgmc6g5 cxmmr5t8 oygrvhab hcukyx3x jb3vyjys rz4wbd8a qt6c0cv9 a8nywdso i1ao9s8h esuyzwwr f1sip0of lzcic4wl q66pz984 gpro0wi8 b1v8xokw\" tabindex=\"0\" role=\"link\" href=\"https:\/\/www.facebook.com\/AikiEnDojo\/?__cft__[0]=AZUeydqAS7vz14pfyhvlqXBQReGtOrXXTUEoj_xRyfBnn1YwfMaUecJsxH-AUGhTwW9f5As8gXpS2jpnjgIGecR-ebwBIFI4S1g5HK_FFGQxM-D7Y7ZZph0bn62CCN6DER-5GZF8aaeuSrQe1-pQh3yLFZu9eS0uxJYHwaaGqX_AMQ&amp;__tn__=kK-R\"><span class=\"nc684nl6\">Aiki En<\/span><\/a>\u00a0na suradnji!<\/div>\n<div dir=\"auto\"><img decoding=\"async\" loading=\"lazy\" class=\"alignnone size-medium wp-image-648\" src=\"http:\/\/fice.hr\/wp-content\/uploads\/2021\/11\/Snimka-zaslona-180-300x169.png\" alt=\"\" width=\"300\" height=\"169\" srcset=\"https:\/\/fice.hr\/wp-content\/uploads\/2021\/11\/Snimka-zaslona-180-300x169.png 300w, https:\/\/fice.hr\/wp-content\/uploads\/2021\/11\/Snimka-zaslona-180-768x432.png 768w, https:\/\/fice.hr\/wp-content\/uploads\/2021\/11\/Snimka-zaslona-180-1024x576.png 1024w, https:\/\/fice.hr\/wp-content\/uploads\/2021\/11\/Snimka-zaslona-180.png 1366w\" sizes=\"(max-width: 300px) 100vw, 300px\" \/><\/div>\n<\/div>\n<\/div>\n<h2 class=\"entry-title\"><a href=\"http:\/\/fice.hr\/?p=446\" rel=\"bookmark\">Webinar \u201cJa\u010danje profesionalnih kompetencija stru\u010dnjaka u radu s djecom i mladima u alternativnoj skrbi\u201d<\/a><\/h2>\n<\/header>\n<div class=\"entry-content\">\n<p><a href=\"http:\/\/fice.hr\/wp-content\/uploads\/2020\/09\/Plan-i-program-1.pdf\">Plan i program<\/a><\/p>\n<p>FICE Hrvatska je 24. rujna 2020. odr\u017eala webinar \u201cJa\u010danje profesionalnih kompetencija stru\u010dnjaka u radu s djecom i mladima u alternativnoj skrbi\u201d kojeg smo organizirali uz pomo\u0107 i podr\u0161ku Eurochild-a i Martin James Foundation-a u okviru niza aktivnosti za poticanje deinstitucionalizacije u Hrvatskoj. Webinar je namijenjen stru\u010dnjacima iz podru\u010dja cijele Hrvatske koji rade s djecom i mladima u alternativnoj skrbi kako bi pove\u0107ali razinu svojih profesionalnih kompetencija, s naglaskom na digitalne kompetencije koje su u dana\u0161nje doba od izuzetne va\u017enosti u radu s djecom i mladima.<\/p>\n<header class=\"entry-header\">\n<h2 class=\"entry-title\"><a href=\"http:\/\/fice.hr\/?p=487\" rel=\"bookmark\">14. sije\u010dnja 2021. odr\u017eana je prva edukativna radionica o na\u010dinima implementacije prava na aktivnu participaciju djece<\/a><\/h2>\n<\/header>\n<div class=\"entry-content\">\n<p>U \u010detvrtak 14. sije\u010dnja 2021. odr\u017eana je prva edukativna radionica o na\u010dinima implementacije prava na aktivnu participaciju djece iz alternativne skrbi u sklopu projekta \u201eMEGAFON\u201c \u2013 projekt promicanja aktivne participacije djece iz alternativne skrbi<br \/>\nnamijenjena stru\u010dnom osoblju Centra za pru\u017eanje usluga u zajednici Zagreb \u2013 Dugave i volonterima.<br \/>\nSljede\u0107i tjedan nastavljamo s drugom edukativnom radionicom i participativnim grupama s djecom i mladima iz alternativne skrbi s kojih \u0107emo naknadno predstaviti plakate na\u0161ih sudionika koji sadr\u017ee poruke vezane uz participaciju djece.<\/p>\n<header class=\"entry-header\">\n<h1 class=\"entry-title\">Stru\u010dni skup u sklopu projekta Putokaz u \u010cakovcu<\/h1>\n<\/header>\n<div class=\"entry-content\">\n<div dir=\"auto\">U \u010cakovcu je 14. i 15. rujna odr\u017ean skup Moderne tehnologije u udomiteljstvu projekta Putokaz na kojem je FICE Hrvatska partner.\u00a0Odr\u017eane su radionice za stru\u010dnjake i udomitelje kao i razli\u010dite aktivnosti za djecu i mlade.<\/div>\n<div dir=\"auto\"><\/div>\n<\/div>\n<div dir=\"auto\">\n<header class=\"entry-header\">\n<h1 class=\"entry-title\"><a href=\"https:\/\/www.eurochild.org\/news\/news-details\/article\/eurochild-and-martin-james-foundation-partnership-to-tackle-slow-deinstitutionalisation-reforms-in-c\/?no_cache=1\">Odr\u017eana 1. u nizu aktivnosti poticanja deinstitucionalizacije<\/a><\/h1>\n<\/header>\n<div class=\"entry-content\">\n<p>Ponosni smo \u0161to mo\u017eemo predstaviti na\u0161u prvu od niza aktivnosti za poticanje deinstitucionalizacije u Hrvatskoj koju smo odr\u017eali uz suradnju i pomo\u0107 Eurochild-a i Martin James Foundation-a, vi\u0161e o tome mo\u017eete pro\u010ditati u \u010dlanku ni\u017ee.<\/p>\n<p>U budu\u0107nosti \u0107e se odr\u017eavati jo\u0161 aktivnosti kao \u0161to su edukacije za stru\u010dnjake, procjena potreba, kampanja deinstitucionalizacije i dr.<\/p>\n<p><a href=\"https:\/\/www.eurochild.org\/news\/news-details\/article\/eurochild-and-martin-james-foundation-partnership-to-tackle-slow-deinstitutionalisation-reforms-in-c\/?no_cache=1\">https:\/\/www.eurochild.org\/news\/news-details\/article\/eurochild-and-martin-james-foundation-partnership-to-tackle-slow-deinstitutionalisation-reforms-in-c\/?no_cache=1<\/a><\/p>\n<header class=\"entry-header\">\n<h2 class=\"entry-title\"><a href=\"http:\/\/fice.hr\/?p=390\" rel=\"bookmark\">Stru\u010dni skup u sklopu projekta Putokaz<\/a><\/h2>\n<\/header>\n<div class=\"entry-content\">\n<p>Hvala svim polaznicima stru\u010dnog skupa\u00a0<a class=\"profileLink\" href=\"https:\/\/www.facebook.com\/events\/289909965470802\/?acontext=%7B%22source%22%3A108%2C%22action_history%22%3A%22%5B%7B%5C%22surface%5C%22%3A%5C%22post_page%5C%22%2C%5C%22mechanism%5C%22%3A%5C%22surface%5C%22%2C%5C%22extra_data%5C%22%3A%5B%5D%7D%5D%22%2C%22has_source%22%3Atrue%7D&amp;source=108&amp;action_history=%5B%7B%22surface%22%3A%22post_page%22%2C%22mechanism%22%3A%22surface%22%2C%22extra_data%22%3A%5B%5D%7D%5D&amp;has_source=1&amp;__tn__=K-R&amp;eid=ARB0qysPGiFdPFl4ayJZv5yGYV7Uz9QrAxQeSlXHz5JPhD84mzuaq9nMHEBl5wCH0DBfkxolQ5o7fyiA&amp;fref=mentions&amp;__xts__%5B0%5D=68.ARBZ_G-RgxZhI8ztE12wfoHXBbsk31FRfC80CmFHigQjHhZUCxWs1jqmr5AF5lV1-KMxKUokcD7tySTJWc0ywRWHNl9gM6A0iNRgKKbVOLIWjQEVXw15G1xeIDETrQnFW1fa8a692HrTUfAwjrAJG3cQYmnsGaNW2iGLLloihv-PuCCCYhIgJpMgnNUVddoRXOA_G06qsZPTGerBHgT_A0QvkBZy_GB6KprkMFFoxRyNXziz8Qa3oGIgIQt0Y_9ya97hB-7OkkPiGBtVNN4lvZ-Jk7rPZtLLTmeE70zNwUEsFKoVaHgQ8YDMkuRG71MHp8ADxK_ZBsnducJ7FUeaPwY\" data-hovercard=\"\/ajax\/hovercard\/event.php?id=289909965470802&amp;extragetparams=%7B%22source%22%3A108%2C%22action_history%22%3A%22%5B%7B%5C%22surface%5C%22%3A%5C%22post_page%5C%22%2C%5C%22mechanism%5C%22%3A%5C%22surface%5C%22%2C%5C%22extra_data%5C%22%3A%5B%5D%7D%5D%22%2C%22has_source%22%3Atrue%2C%22__tn__%22%3A%22%2CdK-R-R%22%2C%22eid%22%3A%22ARB0qysPGiFdPFl4ayJZv5yGYV7Uz9QrAxQeSlXHz5JPhD84mzuaq9nMHEBl5wCH0DBfkxolQ5o7fyiA%22%2C%22fref%22%3A%22mentions%22%7D\" data-hovercard-prefer-more-content-show=\"1\">Moderne tehnologije u udomiteljstvu<\/a>\u00a0projekta\u00a0<a class=\"profileLink\" href=\"https:\/\/www.facebook.com\/Putokaz-110250684063151\/?__xts__%5B0%5D=68.ARCWR7KDUP8xzX-eH7063a_9TsVjqYLU74uDg7l7vpK4SI8cxKgP8B5BVs_brKZTssTuk2cBckgfINGvJoQJaUzFeW1FEMNSO-vZLPh1Fmi-Kw6LK52cFoNjja7lRifOPKuzEBwLyE0-GWMnf2KpY_cUQOSc2Uj-tRMWxftyH3NOqZNqC3dt6zMrU4uAjddBdF2vrT6YPdHCDyghRDP_3k6SqcpONgRgAroYq4arnpADIq3ckauBA0zoZG-R4pIhjFqp8lomYoZAjvsn3MiuImq28J1dDLyM9fs6JogeEidVNY58h3uB8RWIpRGr6oj997Bd2EYTgrTcgpiWRO4ZiFHvc8VroqkSzQ0z-treNoFOqwcjr894hnbhKBeHPOR1NUz4iLCqzPRG3Cq34gNAj69WCZ4vRpWetqj7oKr3yviygCUqjcTKaLa-OPDDunjmylKYLx_56K3Rkg1uCTgdTG5peD70nVV2HNmJ1pewO7VfU142rrsV525wpA&amp;__xts__%5B1%5D=68.ARBZ_G-RgxZhI8ztE12wfoHXBbsk31FRfC80CmFHigQjHhZUCxWs1jqmr5AF5lV1-KMxKUokcD7tySTJWc0ywRWHNl9gM6A0iNRgKKbVOLIWjQEVXw15G1xeIDETrQnFW1fa8a692HrTUfAwjrAJG3cQYmnsGaNW2iGLLloihv-PuCCCYhIgJpMgnNUVddoRXOA_G06qsZPTGerBHgT_A0QvkBZy_GB6KprkMFFoxRyNXziz8Qa3oGIgIQt0Y_9ya97hB-7OkkPiGBtVNN4lvZ-Jk7rPZtLLTmeE70zNwUEsFKoVaHgQ8YDMkuRG71MHp8ADxK_ZBsnducJ7FUeaPwY&amp;__tn__=K-R&amp;eid=ARDk-pgQj3ckR92tI4LVRTW3uT91e7YOLQDTC2he42Uzx0Lasy72CAKECJf6rjGrMisTnm3l87UEgjZl&amp;fref=mentions\" data-hovercard=\"\/ajax\/hovercard\/page.php?id=110250684063151&amp;extragetparams=%7B%22__tn__%22%3A%22%2CdK-R-R%22%2C%22eid%22%3A%22ARDk-pgQj3ckR92tI4LVRTW3uT91e7YOLQDTC2he42Uzx0Lasy72CAKECJf6rjGrMisTnm3l87UEgjZl%22%2C%22fref%22%3A%22mentions%22%7D\" data-hovercard-prefer-more-content-show=\"1\">Putokaz<\/a>\u00a0odr\u017eanom 18. i 19.6. u \u0110ur\u0111evcu na aktivnom sudjelovanju, suradnji i otvorenosti za u\u010denje o novim temama.<br \/>\nNadamo se da je svatko od Vas dobio neku vrijednu informaciju, savjet ili preporuku, i da \u0107e se Putokaz opet vratiti u \u0110ur\u0111evac.\u00a0<span class=\"_5mfr\"><span class=\"_6qdm\">\ud83d\ude0a<\/span><\/span><br \/>\nSuncokret-Oljin FICE Hrvatska Forum za kvalitetno udomiteljstvo djece<\/p>\n<\/div>\n<\/div>\n<\/div>\n<\/div>\n<\/div>\n","protected":false},"excerpt":{"rendered":"<p>Odr\u017ean webinar \u201cVa\u017enost mentalnog zdravlja u radu s mladima\u201d FICE Hrvatska je 29.11.2021. odr\u017eala u suradnji s organizacijom\u00a0Aiki En, webinar pod nazivom \u201cVa\u017enost mentalnog zdravlja u radu s mladima\u201d koji se odr\u017eavao u 16:00 h putem platforme Zoom. Webinar se provodio u sklopu diseminacije Erasmus+ projekta \u201cCaring as Second Nature\u201d, organizacije nositelja Radi Vidi Pats &hellip; <a href=\"https:\/\/fice.hr\/?page_id=507\" class=\"more-link\">Continue reading <span class=\"screen-reader-text\">Edukacije stru\u010dnjaka<\/span><\/a><\/p>\n","protected":false},"author":1,"featured_media":0,"parent":0,"menu_order":0,"comment_status":"closed","ping_status":"closed","template":"","meta":[],"_links":{"self":[{"href":"https:\/\/fice.hr\/index.php?rest_route=\/wp\/v2\/pages\/507"}],"collection":[{"href":"https:\/\/fice.hr\/index.php?rest_route=\/wp\/v2\/pages"}],"about":[{"href":"https:\/\/fice.hr\/index.php?rest_route=\/wp\/v2\/types\/page"}],"author":[{"embeddable":true,"href":"https:\/\/fice.hr\/index.php?rest_route=\/wp\/v2\/users\/1"}],"replies":[{"embeddable":true,"href":"https:\/\/fice.hr\/index.php?rest_route=%2Fwp%2Fv2%2Fcomments&post=507"}],"version-history":[{"count":5,"href":"https:\/\/fice.hr\/index.php?rest_route=\/wp\/v2\/pages\/507\/revisions"}],"predecessor-version":[{"id":658,"href":"https:\/\/fice.hr\/index.php?rest_route=\/wp\/v2\/pages\/507\/revisions\/658"}],"wp:attachment":[{"href":"https:\/\/fice.hr\/index.php?rest_route=%2Fwp%2Fv2%2Fmedia&parent=507"}],"curies":[{"name":"wp","href":"https:\/\/api.w.org\/{rel}","templated":true}]}}