{"id":90,"date":"2017-03-12T11:30:59","date_gmt":"2017-03-12T11:30:59","guid":{"rendered":"http:\/\/fice.hr\/?page_id=90"},"modified":"2017-05-24T09:33:11","modified_gmt":"2017-05-24T09:33:11","slug":"novosti","status":"publish","type":"page","link":"https:\/\/fice.hr\/?page_id=90","title":{"rendered":"Novosti"},"content":{"rendered":"<p>Predsjednica udruge FICE Hrvatska predstavila kampanju Opening doors na stru\u010dnom skupu \u00a0&#8220;Pravo djeteta na \u017eivot u obitelji&#8221; u Dje\u010djem domu Maestral, Split, organiziranom povodom Me\u0111unarodnog dana obitelji.<\/p>\n<p>Udomitelji prvi puta dobili nagradu Ministarstva na Me\u0111unarodni dan obitelji. Jedna od dobitnica je i \u010dlanica Foruma za kvalitetno udomiteljstvo, Mladenka Ravenski.<\/p>\n<p>Odr\u017ean sastanak nacionalnih koordinatora u Bruxelles-u tijekom 19. i 20.4.2o17.<\/p>\n<p>\u0160iri se krug na\u0161ih suradnika. Ju\u010der nam se priklju\u010dila i udruga Iskra-centar za edukaciju i savjetovanje.<\/p>\n<p>&nbsp;<\/p>\n<p>http:\/\/www.openingdoors.eu\/opening-doors-to-europes-children-scales-up-in-croatia\/<\/p>\n","protected":false},"excerpt":{"rendered":"<p>Predsjednica udruge FICE Hrvatska predstavila kampanju Opening doors na stru\u010dnom skupu \u00a0&#8220;Pravo djeteta na \u017eivot u obitelji&#8221; u Dje\u010djem domu Maestral, Split, organiziranom povodom Me\u0111unarodnog dana obitelji. Udomitelji prvi puta dobili nagradu Ministarstva na Me\u0111unarodni dan obitelji. Jedna od dobitnica je i \u010dlanica Foruma za kvalitetno udomiteljstvo, Mladenka Ravenski. Odr\u017ean sastanak nacionalnih koordinatora u Bruxelles-u &hellip; <a href=\"https:\/\/fice.hr\/?page_id=90\" class=\"more-link\">Continue reading <span class=\"screen-reader-text\">Novosti<\/span><\/a><\/p>\n","protected":false},"author":1,"featured_media":0,"parent":78,"menu_order":0,"comment_status":"closed","ping_status":"closed","template":"","meta":[],"_links":{"self":[{"href":"https:\/\/fice.hr\/index.php?rest_route=\/wp\/v2\/pages\/90"}],"collection":[{"href":"https:\/\/fice.hr\/index.php?rest_route=\/wp\/v2\/pages"}],"about":[{"href":"https:\/\/fice.hr\/index.php?rest_route=\/wp\/v2\/types\/page"}],"author":[{"embeddable":true,"href":"https:\/\/fice.hr\/index.php?rest_route=\/wp\/v2\/users\/1"}],"replies":[{"embeddable":true,"href":"https:\/\/fice.hr\/index.php?rest_route=%2Fwp%2Fv2%2Fcomments&post=90"}],"version-history":[{"count":9,"href":"https:\/\/fice.hr\/index.php?rest_route=\/wp\/v2\/pages\/90\/revisions"}],"predecessor-version":[{"id":180,"href":"https:\/\/fice.hr\/index.php?rest_route=\/wp\/v2\/pages\/90\/revisions\/180"}],"up":[{"embeddable":true,"href":"https:\/\/fice.hr\/index.php?rest_route=\/wp\/v2\/pages\/78"}],"wp:attachment":[{"href":"https:\/\/fice.hr\/index.php?rest_route=%2Fwp%2Fv2%2Fmedia&parent=90"}],"curies":[{"name":"wp","href":"https:\/\/api.w.org\/{rel}","templated":true}]}}